{"id":1631,"date":"2025-02-07T13:56:44","date_gmt":"2025-02-07T12:56:44","guid":{"rendered":"https:\/\/psychologue-bouvard.fr\/?page_id=1631"},"modified":"2025-11-01T13:23:02","modified_gmt":"2025-11-01T12:23:02","slug":"pour-qui","status":"publish","type":"page","link":"https:\/\/psychologue-bouvard.fr\/?page_id=1631","title":{"rendered":"Pour Qui ?"},"content":{"rendered":"\t\t<div data-elementor-type=\"wp-page\" data-elementor-id=\"1631\" class=\"elementor elementor-1631\">\n\t\t\t\t\t\t<section class=\"elementor-section elementor-top-section elementor-element elementor-element-a09936a elementor-section-height-min-height elementor-section-boxed elementor-section-height-default elementor-section-items-middle\" data-id=\"a09936a\" data-element_type=\"section\" data-settings=\"{&quot;background_background&quot;:&quot;classic&quot;}\">\n\t\t\t\t\t\t<div class=\"elementor-container elementor-column-gap-no\">\n\t\t\t\t\t<div class=\"elementor-column elementor-col-100 elementor-top-column elementor-element elementor-element-18cbd15\" data-id=\"18cbd15\" data-element_type=\"column\">\n\t\t\t<div class=\"elementor-widget-wrap elementor-element-populated\">\n\t\t\t\t\t\t<div class=\"elementor-element elementor-element-d60ae0d elementor-widget elementor-widget-heading\" data-id=\"d60ae0d\" data-element_type=\"widget\" data-widget_type=\"heading.default\">\n\t\t\t\t<div class=\"elementor-widget-container\">\n\t\t\t\t\t<h2 class=\"elementor-heading-title elementor-size-default\">Pour qui ?<\/h2>\t\t\t\t<\/div>\n\t\t\t\t<\/div>\n\t\t\t\t<div class=\"elementor-element elementor-element-6131435 elementor-widget-divider--view-line elementor-widget elementor-widget-divider\" data-id=\"6131435\" data-element_type=\"widget\" data-widget_type=\"divider.default\">\n\t\t\t\t<div class=\"elementor-widget-container\">\n\t\t\t\t\t\t\t<div class=\"elementor-divider\">\n\t\t\t<span class=\"elementor-divider-separator\">\n\t\t\t\t\t\t<\/span>\n\t\t<\/div>\n\t\t\t\t\t\t<\/div>\n\t\t\t\t<\/div>\n\t\t\t\t\t<\/div>\n\t\t<\/div>\n\t\t\t\t\t<\/div>\n\t\t<\/section>\n\t\t<div class=\"elementor-element elementor-element-d3bf39a e-flex e-con-boxed e-con e-parent\" data-id=\"d3bf39a\" data-element_type=\"container\" data-settings=\"{&quot;background_background&quot;:&quot;classic&quot;}\">\n\t\t\t\t\t<div class=\"e-con-inner\">\n\t\t<div class=\"elementor-element elementor-element-294929d e-con-full e-flex e-con e-child\" data-id=\"294929d\" data-element_type=\"container\">\n\t\t\t\t<div class=\"elementor-element elementor-element-cec7b5a elementor-widget elementor-widget-image\" data-id=\"cec7b5a\" data-element_type=\"widget\" data-widget_type=\"image.default\">\n\t\t\t\t<div class=\"elementor-widget-container\">\n\t\t\t\t\t\t\t\t\t\t\t\t\t\t\t<img fetchpriority=\"high\" decoding=\"async\" width=\"850\" height=\"1024\" src=\"https:\/\/psychologue-bouvard.fr\/wp-content\/uploads\/2025\/02\/Pourqui_bouvard_psychologue-850x1024.webp\" class=\"attachment-large size-large wp-image-1589\" alt=\"pourqui_bouvard_psychologue\" srcset=\"https:\/\/psychologue-bouvard.fr\/wp-content\/uploads\/2025\/02\/Pourqui_bouvard_psychologue-850x1024.webp 850w, https:\/\/psychologue-bouvard.fr\/wp-content\/uploads\/2025\/02\/Pourqui_bouvard_psychologue-249x300.webp 249w, https:\/\/psychologue-bouvard.fr\/wp-content\/uploads\/2025\/02\/Pourqui_bouvard_psychologue-768x926.webp 768w, https:\/\/psychologue-bouvard.fr\/wp-content\/uploads\/2025\/02\/Pourqui_bouvard_psychologue.webp 1024w\" sizes=\"(max-width: 850px) 100vw, 850px\" \/>\t\t\t\t\t\t\t\t\t\t\t\t\t\t\t<\/div>\n\t\t\t\t<\/div>\n\t\t\t\t<\/div>\n\t\t<div class=\"elementor-element elementor-element-dd95844 e-con-full e-flex e-con e-child\" data-id=\"dd95844\" data-element_type=\"container\">\n\t\t\t\t<div class=\"elementor-element elementor-element-975dbaf elementor-widget__width-initial elementor-widget elementor-widget-heading\" data-id=\"975dbaf\" data-element_type=\"widget\" data-widget_type=\"heading.default\">\n\t\t\t\t<div class=\"elementor-widget-container\">\n\t\t\t\t\t<h5 class=\"elementor-heading-title elementor-size-default\">\nJe re\u00e7ois enfants, adolescents et adultes au cabinet.<\/h5>\t\t\t\t<\/div>\n\t\t\t\t<\/div>\n\t\t\t\t<div class=\"elementor-element elementor-element-a678a22 elementor-widget-divider--view-line elementor-widget elementor-widget-divider\" data-id=\"a678a22\" data-element_type=\"widget\" data-widget_type=\"divider.default\">\n\t\t\t\t<div class=\"elementor-widget-container\">\n\t\t\t\t\t\t\t<div class=\"elementor-divider\">\n\t\t\t<span class=\"elementor-divider-separator\">\n\t\t\t\t\t\t<\/span>\n\t\t<\/div>\n\t\t\t\t\t\t<\/div>\n\t\t\t\t<\/div>\n\t\t\t\t<div class=\"elementor-element elementor-element-81b27a8 elementor-widget elementor-widget-heading\" data-id=\"81b27a8\" data-element_type=\"widget\" data-widget_type=\"heading.default\">\n\t\t\t\t<div class=\"elementor-widget-container\">\n\t\t\t\t\t<h6 class=\"elementor-heading-title elementor-size-default\">Premi\u00e8re s\u00e9ance avec un psychologue pour adultes<\/h6>\t\t\t\t<\/div>\n\t\t\t\t<\/div>\n\t\t\t\t<div class=\"elementor-element elementor-element-bdfbd5f elementor-widget elementor-widget-text-editor\" data-id=\"bdfbd5f\" data-element_type=\"widget\" data-widget_type=\"text-editor.default\">\n\t\t\t\t<div class=\"elementor-widget-container\">\n\t\t\t\t\t\t\t\t\t<p>Pour les adultes, la premi\u00e8re consultation est un temps d\u2019\u00e9change autour de vos questionnements, de vos inqui\u00e9tudes ou de vos difficult\u00e9s actuelles.\u00a0\u00a0<\/p><p>Cette rencontre me permet de v\u00e9rifier si je suis la personne la mieux plac\u00e9e pour vous accompagner, ou si l\u2019orientation vers un coll\u00e8gue ou un autre professionnel serait plus adapt\u00e9e.\u00a0\u00a0<\/p><p>Elle vous permet \u00e9galement de voir si vous vous sentez \u00e0 l\u2019aise dans cet espace th\u00e9rapeutique et si ma mani\u00e8re de travailler vous convient.\u00a0\u00a0<\/p>\t\t\t\t\t\t\t\t<\/div>\n\t\t\t\t<\/div>\n\t\t\t\t<div class=\"elementor-element elementor-element-f9030ce elementor-widget elementor-widget-heading\" data-id=\"f9030ce\" data-element_type=\"widget\" data-widget_type=\"heading.default\">\n\t\t\t\t<div class=\"elementor-widget-container\">\n\t\t\t\t\t<h6 class=\"elementor-heading-title elementor-size-default\">Premi\u00e8re s\u00e9ance avec un psychologue pour les enfants et adolescents<\/h6>\t\t\t\t<\/div>\n\t\t\t\t<\/div>\n\t\t\t\t<div class=\"elementor-element elementor-element-c6e68b0 elementor-widget elementor-widget-text-editor\" data-id=\"c6e68b0\" data-element_type=\"widget\" data-widget_type=\"text-editor.default\">\n\t\t\t\t<div class=\"elementor-widget-container\">\n\t\t\t\t\t\t\t\t\t<p><span style=\"font-style: inherit; font-weight: inherit;\">Pour les enfants et les adolescents, la premi\u00e8re s\u00e9ance se d\u00e9roule g\u00e9n\u00e9ralement en pr\u00e9sence d\u2019un ou des deux parents.&nbsp;&nbsp;<\/span><\/p>\n<p>Nous \u00e9changeons ensemble sur les raisons de la consultation et sur les difficult\u00e9s rencontr\u00e9es. En fonction de la situation et de votre avis, nous d\u00e9ciderons si je recevrai ensuite votre enfant seul ou en votre pr\u00e9sence.&nbsp;&nbsp;<\/p>\n<p>La relation de confiance est essentielle pour que l\u2019enfant, l\u2019adolescent et ses parents se sentent \u00e0 l\u2019aise et en s\u00e9curit\u00e9 d\u00e8s le d\u00e9but du suivi.<\/p>\t\t\t\t\t\t\t\t<\/div>\n\t\t\t\t<\/div>\n\t\t\t\t<\/div>\n\t\t\t\t\t<\/div>\n\t\t\t\t<\/div>\n\t\t\t\t<\/div>\n\t\t","protected":false},"excerpt":{"rendered":"<p>Pour qui ? Je re\u00e7ois enfants, adolescents et adultes au cabinet. Premi\u00e8re s\u00e9ance avec un psychologue pour adultes Pour les adultes, la premi\u00e8re consultation est un temps d\u2019\u00e9change autour de vos questionnements, de vos inqui\u00e9tudes ou de vos difficult\u00e9s actuelles.\u00a0\u00a0 Cette rencontre me permet de v\u00e9rifier si je suis la personne la mieux plac\u00e9e pour [&hellip;]<\/p>\n","protected":false},"author":1,"featured_media":0,"parent":0,"menu_order":0,"comment_status":"closed","ping_status":"closed","template":"elementor_header_footer","meta":{"om_disable_all_campaigns":false,"_monsterinsights_skip_tracking":false,"_monsterinsights_sitenote_active":false,"_monsterinsights_sitenote_note":"","_monsterinsights_sitenote_category":0,"site-sidebar-layout":"no-sidebar","site-content-layout":"page-builder","ast-site-content-layout":"full-width-container","site-content-style":"default","site-sidebar-style":"default","ast-global-header-display":"","ast-banner-title-visibility":"","ast-main-header-display":"","ast-hfb-above-header-display":"","ast-hfb-below-header-display":"","ast-hfb-mobile-header-display":"","site-post-title":"","ast-breadcrumbs-content":"","ast-featured-img":"disabled","footer-sml-layout":"","theme-transparent-header-meta":"","adv-header-id-meta":"","stick-header-meta":"","header-above-stick-meta":"","header-main-stick-meta":"","header-below-stick-meta":"","astra-migrate-meta-layouts":"set","ast-page-background-enabled":"default","ast-page-background-meta":{"desktop":{"background-color":"","background-image":"","background-repeat":"repeat","background-position":"center center","background-size":"auto","background-attachment":"scroll","background-type":"","background-media":"","overlay-type":"","overlay-color":"","overlay-opacity":"","overlay-gradient":""},"tablet":{"background-color":"","background-image":"","background-repeat":"repeat","background-position":"center center","background-size":"auto","background-attachment":"scroll","background-type":"","background-media":"","overlay-type":"","overlay-color":"","overlay-opacity":"","overlay-gradient":""},"mobile":{"background-color":"","background-image":"","background-repeat":"repeat","background-position":"center center","background-size":"auto","background-attachment":"scroll","background-type":"","background-media":"","overlay-type":"","overlay-color":"","overlay-opacity":"","overlay-gradient":""}},"ast-content-background-meta":{"desktop":{"background-color":"var(--ast-global-color-5)","background-image":"","background-repeat":"repeat","background-position":"center center","background-size":"auto","background-attachment":"scroll","background-type":"","background-media":"","overlay-type":"","overlay-color":"","overlay-opacity":"","overlay-gradient":""},"tablet":{"background-color":"var(--ast-global-color-5)","background-image":"","background-repeat":"repeat","background-position":"center center","background-size":"auto","background-attachment":"scroll","background-type":"","background-media":"","overlay-type":"","overlay-color":"","overlay-opacity":"","overlay-gradient":""},"mobile":{"background-color":"var(--ast-global-color-5)","background-image":"","background-repeat":"repeat","background-position":"center center","background-size":"auto","background-attachment":"scroll","background-type":"","background-media":"","overlay-type":"","overlay-color":"","overlay-opacity":"","overlay-gradient":""}},"_themeisle_gutenberg_block_has_review":false,"footnotes":""},"class_list":["post-1631","page","type-page","status-publish","hentry"],"aioseo_notices":[],"yoast_head":"<!-- This site is optimized with the Yoast SEO plugin v25.9 - https:\/\/yoast.com\/wordpress\/plugins\/seo\/ -->\n<title>Pour Qui ? - psychologue-bouvard.fr<\/title>\n<meta name=\"robots\" content=\"index, follow, max-snippet:-1, max-image-preview:large, max-video-preview:-1\" \/>\n<link rel=\"canonical\" href=\"https:\/\/psychologue-bouvard.fr\/?page_id=1631\" \/>\n<meta property=\"og:locale\" content=\"en_US\" \/>\n<meta property=\"og:type\" content=\"article\" \/>\n<meta property=\"og:title\" content=\"Pour Qui ? - psychologue-bouvard.fr\" \/>\n<meta property=\"og:description\" content=\"Pour qui ? Je re\u00e7ois enfants, adolescents et adultes au cabinet. Premi\u00e8re s\u00e9ance avec un psychologue pour adultes Pour les adultes, la premi\u00e8re consultation est un temps d\u2019\u00e9change autour de vos questionnements, de vos inqui\u00e9tudes ou de vos difficult\u00e9s actuelles.\u00a0\u00a0 Cette rencontre me permet de v\u00e9rifier si je suis la personne la mieux plac\u00e9e pour [&hellip;]\" \/>\n<meta property=\"og:url\" content=\"https:\/\/psychologue-bouvard.fr\/?page_id=1631\" \/>\n<meta property=\"og:site_name\" content=\"psychologue-bouvard.fr\" \/>\n<meta property=\"article:modified_time\" content=\"2025-11-01T12:23:02+00:00\" \/>\n<meta property=\"og:image\" content=\"https:\/\/psychologue-bouvard.fr\/wp-content\/uploads\/2025\/02\/Pourqui_bouvard_psychologue.webp\" \/>\n\t<meta property=\"og:image:width\" content=\"1024\" \/>\n\t<meta property=\"og:image:height\" content=\"1234\" \/>\n\t<meta property=\"og:image:type\" content=\"image\/webp\" \/>\n<meta name=\"twitter:card\" content=\"summary_large_image\" \/>\n<meta name=\"twitter:label1\" content=\"Est. reading time\" \/>\n\t<meta name=\"twitter:data1\" content=\"2 minutes\" \/>\n<script type=\"application\/ld+json\" class=\"yoast-schema-graph\">{\"@context\":\"https:\/\/schema.org\",\"@graph\":[{\"@type\":\"WebPage\",\"@id\":\"https:\/\/psychologue-bouvard.fr\/?page_id=1631\",\"url\":\"https:\/\/psychologue-bouvard.fr\/?page_id=1631\",\"name\":\"Pour Qui ? - psychologue-bouvard.fr\",\"isPartOf\":{\"@id\":\"https:\/\/psychologue-bouvard.fr\/#website\"},\"primaryImageOfPage\":{\"@id\":\"https:\/\/psychologue-bouvard.fr\/?page_id=1631#primaryimage\"},\"image\":{\"@id\":\"https:\/\/psychologue-bouvard.fr\/?page_id=1631#primaryimage\"},\"thumbnailUrl\":\"https:\/\/psychologue-bouvard.fr\/wp-content\/uploads\/2025\/02\/Pourqui_bouvard_psychologue-850x1024.webp\",\"datePublished\":\"2025-02-07T12:56:44+00:00\",\"dateModified\":\"2025-11-01T12:23:02+00:00\",\"breadcrumb\":{\"@id\":\"https:\/\/psychologue-bouvard.fr\/?page_id=1631#breadcrumb\"},\"inLanguage\":\"en-US\",\"potentialAction\":[{\"@type\":\"ReadAction\",\"target\":[\"https:\/\/psychologue-bouvard.fr\/?page_id=1631\"]}]},{\"@type\":\"ImageObject\",\"inLanguage\":\"en-US\",\"@id\":\"https:\/\/psychologue-bouvard.fr\/?page_id=1631#primaryimage\",\"url\":\"https:\/\/psychologue-bouvard.fr\/wp-content\/uploads\/2025\/02\/Pourqui_bouvard_psychologue.webp\",\"contentUrl\":\"https:\/\/psychologue-bouvard.fr\/wp-content\/uploads\/2025\/02\/Pourqui_bouvard_psychologue.webp\",\"width\":1024,\"height\":1234,\"caption\":\"pourqui_bouvard_psychologue\"},{\"@type\":\"BreadcrumbList\",\"@id\":\"https:\/\/psychologue-bouvard.fr\/?page_id=1631#breadcrumb\",\"itemListElement\":[{\"@type\":\"ListItem\",\"position\":1,\"name\":\"Home\",\"item\":\"https:\/\/psychologue-bouvard.fr\/\"},{\"@type\":\"ListItem\",\"position\":2,\"name\":\"Pour Qui ?\"}]},{\"@type\":\"WebSite\",\"@id\":\"https:\/\/psychologue-bouvard.fr\/#website\",\"url\":\"https:\/\/psychologue-bouvard.fr\/\",\"name\":\"psychologue-bouvard.fr\",\"description\":\"Psychologue Rennes Bouvard Gabrielle\",\"publisher\":{\"@id\":\"https:\/\/psychologue-bouvard.fr\/#\/schema\/person\/2a564955808101acef67fd43bf689f72\"},\"alternateName\":\"Psychologue Gabrielle BOUVARD\",\"potentialAction\":[{\"@type\":\"SearchAction\",\"target\":{\"@type\":\"EntryPoint\",\"urlTemplate\":\"https:\/\/psychologue-bouvard.fr\/?s={search_term_string}\"},\"query-input\":{\"@type\":\"PropertyValueSpecification\",\"valueRequired\":true,\"valueName\":\"search_term_string\"}}],\"inLanguage\":\"en-US\"},{\"@type\":[\"Person\",\"Organization\"],\"@id\":\"https:\/\/psychologue-bouvard.fr\/#\/schema\/person\/2a564955808101acef67fd43bf689f72\",\"name\":\"psychologue-bouvard.fr\",\"image\":{\"@type\":\"ImageObject\",\"inLanguage\":\"en-US\",\"@id\":\"https:\/\/psychologue-bouvard.fr\/#\/schema\/person\/image\/\",\"url\":\"https:\/\/psychologue-bouvard.fr\/wp-content\/uploads\/2025\/02\/cropped-logoBouvard.png\",\"contentUrl\":\"https:\/\/psychologue-bouvard.fr\/wp-content\/uploads\/2025\/02\/cropped-logoBouvard.png\",\"width\":760,\"height\":760,\"caption\":\"psychologue-bouvard.fr\"},\"logo\":{\"@id\":\"https:\/\/psychologue-bouvard.fr\/#\/schema\/person\/image\/\"},\"sameAs\":[\"http:\/\/psychologue-bouvard.fr\"]}]}<\/script>\n<!-- \/ Yoast SEO plugin. -->","yoast_head_json":{"title":"Pour Qui ? - psychologue-bouvard.fr","robots":{"index":"index","follow":"follow","max-snippet":"max-snippet:-1","max-image-preview":"max-image-preview:large","max-video-preview":"max-video-preview:-1"},"canonical":"https:\/\/psychologue-bouvard.fr\/?page_id=1631","og_locale":"en_US","og_type":"article","og_title":"Pour Qui ? - psychologue-bouvard.fr","og_description":"Pour qui ? Je re\u00e7ois enfants, adolescents et adultes au cabinet. Premi\u00e8re s\u00e9ance avec un psychologue pour adultes Pour les adultes, la premi\u00e8re consultation est un temps d\u2019\u00e9change autour de vos questionnements, de vos inqui\u00e9tudes ou de vos difficult\u00e9s actuelles.\u00a0\u00a0 Cette rencontre me permet de v\u00e9rifier si je suis la personne la mieux plac\u00e9e pour [&hellip;]","og_url":"https:\/\/psychologue-bouvard.fr\/?page_id=1631","og_site_name":"psychologue-bouvard.fr","article_modified_time":"2025-11-01T12:23:02+00:00","og_image":[{"width":1024,"height":1234,"url":"https:\/\/psychologue-bouvard.fr\/wp-content\/uploads\/2025\/02\/Pourqui_bouvard_psychologue.webp","type":"image\/webp"}],"twitter_card":"summary_large_image","twitter_misc":{"Est. reading time":"2 minutes"},"schema":{"@context":"https:\/\/schema.org","@graph":[{"@type":"WebPage","@id":"https:\/\/psychologue-bouvard.fr\/?page_id=1631","url":"https:\/\/psychologue-bouvard.fr\/?page_id=1631","name":"Pour Qui ? - psychologue-bouvard.fr","isPartOf":{"@id":"https:\/\/psychologue-bouvard.fr\/#website"},"primaryImageOfPage":{"@id":"https:\/\/psychologue-bouvard.fr\/?page_id=1631#primaryimage"},"image":{"@id":"https:\/\/psychologue-bouvard.fr\/?page_id=1631#primaryimage"},"thumbnailUrl":"https:\/\/psychologue-bouvard.fr\/wp-content\/uploads\/2025\/02\/Pourqui_bouvard_psychologue-850x1024.webp","datePublished":"2025-02-07T12:56:44+00:00","dateModified":"2025-11-01T12:23:02+00:00","breadcrumb":{"@id":"https:\/\/psychologue-bouvard.fr\/?page_id=1631#breadcrumb"},"inLanguage":"en-US","potentialAction":[{"@type":"ReadAction","target":["https:\/\/psychologue-bouvard.fr\/?page_id=1631"]}]},{"@type":"ImageObject","inLanguage":"en-US","@id":"https:\/\/psychologue-bouvard.fr\/?page_id=1631#primaryimage","url":"https:\/\/psychologue-bouvard.fr\/wp-content\/uploads\/2025\/02\/Pourqui_bouvard_psychologue.webp","contentUrl":"https:\/\/psychologue-bouvard.fr\/wp-content\/uploads\/2025\/02\/Pourqui_bouvard_psychologue.webp","width":1024,"height":1234,"caption":"pourqui_bouvard_psychologue"},{"@type":"BreadcrumbList","@id":"https:\/\/psychologue-bouvard.fr\/?page_id=1631#breadcrumb","itemListElement":[{"@type":"ListItem","position":1,"name":"Home","item":"https:\/\/psychologue-bouvard.fr\/"},{"@type":"ListItem","position":2,"name":"Pour Qui ?"}]},{"@type":"WebSite","@id":"https:\/\/psychologue-bouvard.fr\/#website","url":"https:\/\/psychologue-bouvard.fr\/","name":"psychologue-bouvard.fr","description":"Psychologue Rennes Bouvard Gabrielle","publisher":{"@id":"https:\/\/psychologue-bouvard.fr\/#\/schema\/person\/2a564955808101acef67fd43bf689f72"},"alternateName":"Psychologue Gabrielle BOUVARD","potentialAction":[{"@type":"SearchAction","target":{"@type":"EntryPoint","urlTemplate":"https:\/\/psychologue-bouvard.fr\/?s={search_term_string}"},"query-input":{"@type":"PropertyValueSpecification","valueRequired":true,"valueName":"search_term_string"}}],"inLanguage":"en-US"},{"@type":["Person","Organization"],"@id":"https:\/\/psychologue-bouvard.fr\/#\/schema\/person\/2a564955808101acef67fd43bf689f72","name":"psychologue-bouvard.fr","image":{"@type":"ImageObject","inLanguage":"en-US","@id":"https:\/\/psychologue-bouvard.fr\/#\/schema\/person\/image\/","url":"https:\/\/psychologue-bouvard.fr\/wp-content\/uploads\/2025\/02\/cropped-logoBouvard.png","contentUrl":"https:\/\/psychologue-bouvard.fr\/wp-content\/uploads\/2025\/02\/cropped-logoBouvard.png","width":760,"height":760,"caption":"psychologue-bouvard.fr"},"logo":{"@id":"https:\/\/psychologue-bouvard.fr\/#\/schema\/person\/image\/"},"sameAs":["http:\/\/psychologue-bouvard.fr"]}]}},"_links":{"self":[{"href":"https:\/\/psychologue-bouvard.fr\/index.php?rest_route=\/wp\/v2\/pages\/1631","targetHints":{"allow":["GET"]}}],"collection":[{"href":"https:\/\/psychologue-bouvard.fr\/index.php?rest_route=\/wp\/v2\/pages"}],"about":[{"href":"https:\/\/psychologue-bouvard.fr\/index.php?rest_route=\/wp\/v2\/types\/page"}],"author":[{"embeddable":true,"href":"https:\/\/psychologue-bouvard.fr\/index.php?rest_route=\/wp\/v2\/users\/1"}],"replies":[{"embeddable":true,"href":"https:\/\/psychologue-bouvard.fr\/index.php?rest_route=%2Fwp%2Fv2%2Fcomments&post=1631"}],"version-history":[{"count":49,"href":"https:\/\/psychologue-bouvard.fr\/index.php?rest_route=\/wp\/v2\/pages\/1631\/revisions"}],"predecessor-version":[{"id":1885,"href":"https:\/\/psychologue-bouvard.fr\/index.php?rest_route=\/wp\/v2\/pages\/1631\/revisions\/1885"}],"wp:attachment":[{"href":"https:\/\/psychologue-bouvard.fr\/index.php?rest_route=%2Fwp%2Fv2%2Fmedia&parent=1631"}],"curies":[{"name":"wp","href":"https:\/\/api.w.org\/{rel}","templated":true}]}}