{"id":1356,"date":"2021-02-02T08:21:45","date_gmt":"2021-02-02T08:21:45","guid":{"rendered":"https:\/\/psychologue-bouvard.fr\/?page_id=1356"},"modified":"2026-04-21T16:44:16","modified_gmt":"2026-04-21T14:44:16","slug":"presentation","status":"publish","type":"page","link":"https:\/\/psychologue-bouvard.fr\/?page_id=1356","title":{"rendered":"Pr\u00e9sentation"},"content":{"rendered":"\t\t<div data-elementor-type=\"wp-page\" data-elementor-id=\"1356\" class=\"elementor elementor-1356\">\n\t\t\t\t\t\t<section class=\"elementor-section elementor-top-section elementor-element elementor-element-7dca056 elementor-section-height-min-height elementor-section-boxed elementor-section-height-default elementor-section-items-middle\" data-id=\"7dca056\" data-element_type=\"section\" data-settings=\"{&quot;background_background&quot;:&quot;classic&quot;}\">\n\t\t\t\t\t\t<div class=\"elementor-container elementor-column-gap-no\">\n\t\t\t\t\t<div class=\"elementor-column elementor-col-100 elementor-top-column elementor-element elementor-element-3d6b208\" data-id=\"3d6b208\" data-element_type=\"column\">\n\t\t\t<div class=\"elementor-widget-wrap elementor-element-populated\">\n\t\t\t\t\t\t<div class=\"elementor-element elementor-element-66e834c elementor-widget elementor-widget-heading\" data-id=\"66e834c\" data-element_type=\"widget\" data-widget_type=\"heading.default\">\n\t\t\t\t<div class=\"elementor-widget-container\">\n\t\t\t\t\t<h2 class=\"elementor-heading-title elementor-size-default\">Pr\u00e9sentation<\/h2>\t\t\t\t<\/div>\n\t\t\t\t<\/div>\n\t\t\t\t<div class=\"elementor-element elementor-element-d0ecb80 elementor-widget-divider--view-line elementor-widget elementor-widget-divider\" data-id=\"d0ecb80\" data-element_type=\"widget\" data-widget_type=\"divider.default\">\n\t\t\t\t<div class=\"elementor-widget-container\">\n\t\t\t\t\t\t\t<div class=\"elementor-divider\">\n\t\t\t<span class=\"elementor-divider-separator\">\n\t\t\t\t\t\t<\/span>\n\t\t<\/div>\n\t\t\t\t\t\t<\/div>\n\t\t\t\t<\/div>\n\t\t\t\t\t<\/div>\n\t\t<\/div>\n\t\t\t\t\t<\/div>\n\t\t<\/section>\n\t\t\t\t<section class=\"elementor-section elementor-top-section elementor-element elementor-element-4130c40 elementor-section-boxed elementor-section-height-default elementor-section-height-default\" data-id=\"4130c40\" data-element_type=\"section\" data-settings=\"{&quot;background_background&quot;:&quot;classic&quot;}\">\n\t\t\t\t\t\t<div class=\"elementor-container elementor-column-gap-no\">\n\t\t\t\t\t<div class=\"elementor-column elementor-col-50 elementor-top-column elementor-element elementor-element-1a4e914\" data-id=\"1a4e914\" data-element_type=\"column\" data-settings=\"{&quot;background_background&quot;:&quot;classic&quot;}\">\n\t\t\t<div class=\"elementor-widget-wrap elementor-element-populated\">\n\t\t\t\t\t\t<div class=\"elementor-element elementor-element-b3d6d32 elementor-widget elementor-widget-image\" data-id=\"b3d6d32\" data-element_type=\"widget\" data-widget_type=\"image.default\">\n\t\t\t\t<div class=\"elementor-widget-container\">\n\t\t\t\t\t\t\t\t\t\t\t\t\t\t\t<img fetchpriority=\"high\" decoding=\"async\" width=\"1124\" height=\"1075\" src=\"https:\/\/psychologue-bouvard.fr\/wp-content\/uploads\/2025\/02\/photo_Bouvard_psychologue_mini.jpeg\" class=\"attachment-full size-full wp-image-1754\" alt=\"photo_Bouvard_psychologue\" srcset=\"https:\/\/psychologue-bouvard.fr\/wp-content\/uploads\/2025\/02\/photo_Bouvard_psychologue_mini.jpeg 1124w, https:\/\/psychologue-bouvard.fr\/wp-content\/uploads\/2025\/02\/photo_Bouvard_psychologue_mini-300x287.jpeg 300w, https:\/\/psychologue-bouvard.fr\/wp-content\/uploads\/2025\/02\/photo_Bouvard_psychologue_mini-1024x979.jpeg 1024w, https:\/\/psychologue-bouvard.fr\/wp-content\/uploads\/2025\/02\/photo_Bouvard_psychologue_mini-768x735.jpeg 768w\" sizes=\"(max-width: 1124px) 100vw, 1124px\" \/>\t\t\t\t\t\t\t\t\t\t\t\t\t\t\t<\/div>\n\t\t\t\t<\/div>\n\t\t\t\t\t<\/div>\n\t\t<\/div>\n\t\t\t\t<div class=\"elementor-column elementor-col-50 elementor-top-column elementor-element elementor-element-572841d\" data-id=\"572841d\" data-element_type=\"column\">\n\t\t\t<div class=\"elementor-widget-wrap elementor-element-populated\">\n\t\t\t\t\t\t<div class=\"elementor-element elementor-element-de89e1a elementor-widget__width-initial elementor-widget elementor-widget-heading\" data-id=\"de89e1a\" data-element_type=\"widget\" data-widget_type=\"heading.default\">\n\t\t\t\t<div class=\"elementor-widget-container\">\n\t\t\t\t\t<h5 class=\"elementor-heading-title elementor-size-default\">Gabrielle BOUVARD<\/h5>\t\t\t\t<\/div>\n\t\t\t\t<\/div>\n\t\t\t\t<div class=\"elementor-element elementor-element-81bd81a elementor-widget-divider--view-line elementor-widget elementor-widget-divider\" data-id=\"81bd81a\" data-element_type=\"widget\" data-widget_type=\"divider.default\">\n\t\t\t\t<div class=\"elementor-widget-container\">\n\t\t\t\t\t\t\t<div class=\"elementor-divider\">\n\t\t\t<span class=\"elementor-divider-separator\">\n\t\t\t\t\t\t<\/span>\n\t\t<\/div>\n\t\t\t\t\t\t<\/div>\n\t\t\t\t<\/div>\n\t\t\t\t<div class=\"elementor-element elementor-element-5db2f7d elementor-widget elementor-widget-heading\" data-id=\"5db2f7d\" data-element_type=\"widget\" data-widget_type=\"heading.default\">\n\t\t\t\t<div class=\"elementor-widget-container\">\n\t\t\t\t\t<h6 class=\"elementor-heading-title elementor-size-default\">Votre psychologue \u00e0 Rennes<\/h6>\t\t\t\t<\/div>\n\t\t\t\t<\/div>\n\t\t\t\t<div class=\"elementor-element elementor-element-1aa2a02 elementor-widget__width-initial elementor-widget elementor-widget-text-editor\" data-id=\"1aa2a02\" data-element_type=\"widget\" data-widget_type=\"text-editor.default\">\n\t\t\t\t<div class=\"elementor-widget-container\">\n\t\t\t\t\t\t\t\t\t<p>Psychologue depuis 8 ans, je vous propose diff\u00e9rents types d&#8217;accompagnements (consultations de soutien psychologique, guidance parentale, psychoth\u00e9rapie individuelle, th\u00e9rapie EMDR, th\u00e9rapie familiale ou de couple).<\/p>\t\t\t\t\t\t\t\t<\/div>\n\t\t\t\t<\/div>\n\t\t\t\t<div class=\"elementor-element elementor-element-d403fe0 elementor-widget elementor-widget-heading\" data-id=\"d403fe0\" data-element_type=\"widget\" data-widget_type=\"heading.default\">\n\t\t\t\t<div class=\"elementor-widget-container\">\n\t\t\t\t\t<h6 class=\"elementor-heading-title elementor-size-default\">Une expertise aupr\u00e8s des enfants et des adolescents<\/h6>\t\t\t\t<\/div>\n\t\t\t\t<\/div>\n\t\t\t\t<div class=\"elementor-element elementor-element-b3c553a elementor-widget__width-initial elementor-widget elementor-widget-text-editor\" data-id=\"b3c553a\" data-element_type=\"widget\" data-widget_type=\"text-editor.default\">\n\t\t\t\t<div class=\"elementor-widget-container\">\n\t\t\t\t\t\t\t\t\t<p>J&#8217;ai choisi de commencer ma pratique clinique en p\u00e9dopsychiatrie ayant une affinit\u00e9 particuli\u00e8re pour le travail avec les enfants.<br \/>En parall\u00e8le de mon travail aupr\u00e8s d&#8217;enfants et adolescents, j&#8217;ai effectu\u00e9 une formation pour me sp\u00e9cialiser davantage dans la psychoth\u00e9rapie d&#8217;orientation humaniste avec les adultes. J&#8217;ai choisi la formation \u00e0 l&#8217;ANDC (approche non directive cr\u00e9atrice) qui m&#8217;a parl\u00e9e dans le travail relationnel entre le th\u00e9rapeute et le patient qu&#8217;elle propose.<\/p>\t\t\t\t\t\t\t\t<\/div>\n\t\t\t\t<\/div>\n\t\t\t\t<div class=\"elementor-element elementor-element-5a85e9c elementor-widget elementor-widget-heading\" data-id=\"5a85e9c\" data-element_type=\"widget\" data-widget_type=\"heading.default\">\n\t\t\t\t<div class=\"elementor-widget-container\">\n\t\t\t\t\t<h6 class=\"elementor-heading-title elementor-size-default\">Une sp\u00e9cialisation en psychotraumatisme et en th\u00e9rapie EMDR<\/h6>\t\t\t\t<\/div>\n\t\t\t\t<\/div>\n\t\t\t\t<div class=\"elementor-element elementor-element-656e306 elementor-widget__width-initial elementor-widget elementor-widget-text-editor\" data-id=\"656e306\" data-element_type=\"widget\" data-widget_type=\"text-editor.default\">\n\t\t\t\t<div class=\"elementor-widget-container\">\n\t\t\t\t\t\t\t\t\t<p><span style=\"font-style: inherit; font-weight: inherit;\">Ayant \u00e0 coeur de vous proposer le meilleur accompagnement possible, je continue \u00e0 me former r\u00e9guli\u00e8rement en fonction des probl\u00e9matiques que je rencontre dans ma pratique.<\/span><\/p><p style=\"font-size: 18px; font-style: normal; font-weight: 400;\">J&#8217;ai effectu\u00e9 d&#8217;un Dipl\u00f4me Universitaire en deux ans sur le psychotraumatisme et la th\u00e9rapie EMDR (Eye Movement Desensitization and Reprocessing).<\/p>\t\t\t\t\t\t\t\t<\/div>\n\t\t\t\t<\/div>\n\t\t\t\t<div class=\"elementor-element elementor-element-a589c9f elementor-widget elementor-widget-heading\" data-id=\"a589c9f\" data-element_type=\"widget\" data-widget_type=\"heading.default\">\n\t\t\t\t<div class=\"elementor-widget-container\">\n\t\t\t\t\t<h6 class=\"elementor-heading-title elementor-size-default\">Un accompagnement bienveillant et respectueux<\/h6>\t\t\t\t<\/div>\n\t\t\t\t<\/div>\n\t\t\t\t<div class=\"elementor-element elementor-element-9a18ad5 elementor-widget__width-initial elementor-widget elementor-widget-text-editor\" data-id=\"9a18ad5\" data-element_type=\"widget\" data-widget_type=\"text-editor.default\">\n\t\t\t\t<div class=\"elementor-widget-container\">\n\t\t\t\t\t\t\t\t\t<p>Je travaille avec une approche humaniste dans le respect profond de chaque personne, de ses besoins et de son rythme. La th\u00e9rapie est votre espace et je suis l\u00e0 pour vous accompagner dans cet espace avec bienveillance et sans jugement.<\/p><p>J&#8217;exerce mon travail dans le respect du code de d\u00e9ontologie des psychologues et suis soumise au secret professionnel.<\/p><p>Je suis ici pour vous accompagner avec bienveillance dans votre parcours vers un mieux-\u00eatre. N&#8217;h\u00e9sitez pas \u00e0 me contacter pour plus d&#8217;informations.<\/p><p>Mon chien (Golden Retriever) m&#8217;accompagne en consultation pour celles et ceux qui le souhaitent. Pour les personnes qui ne se sentent pas \u00e0 l&#8217;aise avec les chiens, aucune obligation qu&#8217;il soit pr\u00e9sent.<\/p>\t\t\t\t\t\t\t\t<\/div>\n\t\t\t\t<\/div>\n\t\t\t\t<div class=\"elementor-element elementor-element-bec199e elementor-widget elementor-widget-heading\" data-id=\"bec199e\" data-element_type=\"widget\" data-widget_type=\"heading.default\">\n\t\t\t\t<div class=\"elementor-widget-container\">\n\t\t\t\t\t<h6 class=\"elementor-heading-title elementor-size-default\">Mes formations<\/h6>\t\t\t\t<\/div>\n\t\t\t\t<\/div>\n\t\t\t\t<div class=\"elementor-element elementor-element-7442a4a elementor-widget__width-initial elementor-widget elementor-widget-text-editor\" data-id=\"7442a4a\" data-element_type=\"widget\" data-widget_type=\"text-editor.default\">\n\t\t\t\t<div class=\"elementor-widget-container\">\n\t\t\t\t\t\t\t\t\t<p>&#8211; avril 2026: EMDR et troubles anxieux (IFEMDR)<\/p><p>&#8211; 2024: Th\u00e9rapie EMDR niveaux 1 et 2 &#8211; Centre Pierre Janet<\/p><p>&#8211; 2023 &#8211; 2025: DIU (Dipl\u00f4me Inter-Universitaire) Psychoth\u00e9rapie EMDR, psychotraumatologie et compl\u00e9ments psychopathologiques &#8211; Universit\u00e9 de Metz &#8211; Centre Pierre Janet<\/p><p>&#8211; 2019: Th\u00e9rapeute en relation d&#8217;aide avec l&#8217;approche non-directive cr\u00e9atrice &#8211; Certificat 2 &#8211; Ecole Internationale de Formation (CRAM)<\/p><p>&#8211; 2018: Th\u00e9rapeute en relation d&#8217;aide avec l&#8217;approche non-directive cr\u00e9atrice &#8211; Certificat 1 &#8211; Ecole Internationale de Formation (CRAM)<\/p><p>&#8211; 2017: Dipl\u00f4me d&#8217;Etat de psychologue clinicienne &#8211; Ecole de Psychologues Praticiens (EPP) Lyon<\/p>\t\t\t\t\t\t\t\t<\/div>\n\t\t\t\t<\/div>\n\t\t\t\t\t<\/div>\n\t\t<\/div>\n\t\t\t\t\t<\/div>\n\t\t<\/section>\n\t\t\t\t<section class=\"elementor-section elementor-top-section elementor-element elementor-element-9342e3e elementor-section-boxed elementor-section-height-default elementor-section-height-default\" data-id=\"9342e3e\" data-element_type=\"section\" data-settings=\"{&quot;background_background&quot;:&quot;classic&quot;}\">\n\t\t\t\t\t\t<div class=\"elementor-container elementor-column-gap-no\">\n\t\t\t\t\t<div class=\"elementor-column elementor-col-100 elementor-top-column elementor-element elementor-element-8e70dfa\" data-id=\"8e70dfa\" data-element_type=\"column\">\n\t\t\t<div class=\"elementor-widget-wrap\">\n\t\t\t\t\t\t\t<\/div>\n\t\t<\/div>\n\t\t\t\t\t<\/div>\n\t\t<\/section>\n\t\t\t\t<\/div>\n\t\t","protected":false},"excerpt":{"rendered":"<p>Pr\u00e9sentation Gabrielle BOUVARD Votre psychologue \u00e0 Rennes Psychologue depuis 8 ans, je vous propose diff\u00e9rents types d&#8217;accompagnements (consultations de soutien psychologique, guidance parentale, psychoth\u00e9rapie individuelle, th\u00e9rapie EMDR, th\u00e9rapie familiale ou de couple). Une expertise aupr\u00e8s des enfants et des adolescents J&#8217;ai choisi de commencer ma pratique clinique en p\u00e9dopsychiatrie ayant une affinit\u00e9 particuli\u00e8re pour le [&hellip;]<\/p>\n","protected":false},"author":1,"featured_media":0,"parent":0,"menu_order":0,"comment_status":"closed","ping_status":"closed","template":"elementor_header_footer","meta":{"om_disable_all_campaigns":false,"_monsterinsights_skip_tracking":false,"_monsterinsights_sitenote_active":false,"_monsterinsights_sitenote_note":"","_monsterinsights_sitenote_category":0,"site-sidebar-layout":"no-sidebar","site-content-layout":"page-builder","ast-site-content-layout":"full-width-container","site-content-style":"unboxed","site-sidebar-style":"unboxed","ast-global-header-display":"","ast-banner-title-visibility":"","ast-main-header-display":"","ast-hfb-above-header-display":"","ast-hfb-below-header-display":"","ast-hfb-mobile-header-display":"","site-post-title":"","ast-breadcrumbs-content":"disabled","ast-featured-img":"disabled","footer-sml-layout":"","theme-transparent-header-meta":"enabled","adv-header-id-meta":"","stick-header-meta":"","header-above-stick-meta":"","header-main-stick-meta":"","header-below-stick-meta":"","astra-migrate-meta-layouts":"set","ast-page-background-enabled":"default","ast-page-background-meta":{"desktop":{"background-color":"","background-image":"","background-repeat":"repeat","background-position":"center center","background-size":"auto","background-attachment":"scroll","background-type":"","background-media":"","overlay-type":"","overlay-color":"","overlay-opacity":"","overlay-gradient":""},"tablet":{"background-color":"","background-image":"","background-repeat":"repeat","background-position":"center center","background-size":"auto","background-attachment":"scroll","background-type":"","background-media":"","overlay-type":"","overlay-color":"","overlay-opacity":"","overlay-gradient":""},"mobile":{"background-color":"","background-image":"","background-repeat":"repeat","background-position":"center center","background-size":"auto","background-attachment":"scroll","background-type":"","background-media":"","overlay-type":"","overlay-color":"","overlay-opacity":"","overlay-gradient":""}},"ast-content-background-meta":{"desktop":{"background-color":"var(--ast-global-color-5)","background-image":"","background-repeat":"repeat","background-position":"center center","background-size":"auto","background-attachment":"scroll","background-type":"","background-media":"","overlay-type":"","overlay-color":"","overlay-opacity":"","overlay-gradient":""},"tablet":{"background-color":"var(--ast-global-color-5)","background-image":"","background-repeat":"repeat","background-position":"center center","background-size":"auto","background-attachment":"scroll","background-type":"","background-media":"","overlay-type":"","overlay-color":"","overlay-opacity":"","overlay-gradient":""},"mobile":{"background-color":"var(--ast-global-color-5)","background-image":"","background-repeat":"repeat","background-position":"center center","background-size":"auto","background-attachment":"scroll","background-type":"","background-media":"","overlay-type":"","overlay-color":"","overlay-opacity":"","overlay-gradient":""}},"_themeisle_gutenberg_block_has_review":false,"footnotes":""},"class_list":["post-1356","page","type-page","status-publish","hentry"],"aioseo_notices":[],"yoast_head":"<!-- This site is optimized with the Yoast SEO plugin v25.9 - https:\/\/yoast.com\/wordpress\/plugins\/seo\/ -->\n<title>Pr\u00e9sentation - psychologue-bouvard.fr<\/title>\n<meta name=\"robots\" content=\"index, follow, max-snippet:-1, max-image-preview:large, max-video-preview:-1\" \/>\n<link rel=\"canonical\" href=\"https:\/\/psychologue-bouvard.fr\/?page_id=1356\" \/>\n<meta property=\"og:locale\" content=\"en_US\" \/>\n<meta property=\"og:type\" content=\"article\" \/>\n<meta property=\"og:title\" content=\"Pr\u00e9sentation - psychologue-bouvard.fr\" \/>\n<meta property=\"og:description\" content=\"Pr\u00e9sentation Gabrielle BOUVARD Votre psychologue \u00e0 Rennes Psychologue depuis 8 ans, je vous propose diff\u00e9rents types d&#8217;accompagnements (consultations de soutien psychologique, guidance parentale, psychoth\u00e9rapie individuelle, th\u00e9rapie EMDR, th\u00e9rapie familiale ou de couple). Une expertise aupr\u00e8s des enfants et des adolescents J&#8217;ai choisi de commencer ma pratique clinique en p\u00e9dopsychiatrie ayant une affinit\u00e9 particuli\u00e8re pour le [&hellip;]\" \/>\n<meta property=\"og:url\" content=\"https:\/\/psychologue-bouvard.fr\/?page_id=1356\" \/>\n<meta property=\"og:site_name\" content=\"psychologue-bouvard.fr\" \/>\n<meta property=\"article:modified_time\" content=\"2026-04-21T14:44:16+00:00\" \/>\n<meta property=\"og:image\" content=\"https:\/\/psychologue-bouvard.fr\/wp-content\/uploads\/2025\/02\/photo_Bouvard_psychologue_mini.jpeg\" \/>\n\t<meta property=\"og:image:width\" content=\"1124\" \/>\n\t<meta property=\"og:image:height\" content=\"1075\" \/>\n\t<meta property=\"og:image:type\" content=\"image\/jpeg\" \/>\n<meta name=\"twitter:card\" content=\"summary_large_image\" \/>\n<meta name=\"twitter:label1\" content=\"Est. reading time\" \/>\n\t<meta name=\"twitter:data1\" content=\"2 minutes\" \/>\n<script type=\"application\/ld+json\" class=\"yoast-schema-graph\">{\"@context\":\"https:\/\/schema.org\",\"@graph\":[{\"@type\":\"WebPage\",\"@id\":\"https:\/\/psychologue-bouvard.fr\/?page_id=1356\",\"url\":\"https:\/\/psychologue-bouvard.fr\/?page_id=1356\",\"name\":\"Pr\u00e9sentation - psychologue-bouvard.fr\",\"isPartOf\":{\"@id\":\"https:\/\/psychologue-bouvard.fr\/#website\"},\"primaryImageOfPage\":{\"@id\":\"https:\/\/psychologue-bouvard.fr\/?page_id=1356#primaryimage\"},\"image\":{\"@id\":\"https:\/\/psychologue-bouvard.fr\/?page_id=1356#primaryimage\"},\"thumbnailUrl\":\"https:\/\/psychologue-bouvard.fr\/wp-content\/uploads\/2025\/02\/photo_Bouvard_psychologue_mini.jpeg\",\"datePublished\":\"2021-02-02T08:21:45+00:00\",\"dateModified\":\"2026-04-21T14:44:16+00:00\",\"breadcrumb\":{\"@id\":\"https:\/\/psychologue-bouvard.fr\/?page_id=1356#breadcrumb\"},\"inLanguage\":\"en-US\",\"potentialAction\":[{\"@type\":\"ReadAction\",\"target\":[\"https:\/\/psychologue-bouvard.fr\/?page_id=1356\"]}]},{\"@type\":\"ImageObject\",\"inLanguage\":\"en-US\",\"@id\":\"https:\/\/psychologue-bouvard.fr\/?page_id=1356#primaryimage\",\"url\":\"https:\/\/psychologue-bouvard.fr\/wp-content\/uploads\/2025\/02\/photo_Bouvard_psychologue_mini.jpeg\",\"contentUrl\":\"https:\/\/psychologue-bouvard.fr\/wp-content\/uploads\/2025\/02\/photo_Bouvard_psychologue_mini.jpeg\",\"width\":1124,\"height\":1075,\"caption\":\"photo_Bouvard_psychologue\"},{\"@type\":\"BreadcrumbList\",\"@id\":\"https:\/\/psychologue-bouvard.fr\/?page_id=1356#breadcrumb\",\"itemListElement\":[{\"@type\":\"ListItem\",\"position\":1,\"name\":\"Home\",\"item\":\"https:\/\/psychologue-bouvard.fr\/\"},{\"@type\":\"ListItem\",\"position\":2,\"name\":\"Pr\u00e9sentation\"}]},{\"@type\":\"WebSite\",\"@id\":\"https:\/\/psychologue-bouvard.fr\/#website\",\"url\":\"https:\/\/psychologue-bouvard.fr\/\",\"name\":\"psychologue-bouvard.fr\",\"description\":\"Psychologue Rennes Bouvard Gabrielle\",\"publisher\":{\"@id\":\"https:\/\/psychologue-bouvard.fr\/#\/schema\/person\/2a564955808101acef67fd43bf689f72\"},\"alternateName\":\"Psychologue Gabrielle BOUVARD\",\"potentialAction\":[{\"@type\":\"SearchAction\",\"target\":{\"@type\":\"EntryPoint\",\"urlTemplate\":\"https:\/\/psychologue-bouvard.fr\/?s={search_term_string}\"},\"query-input\":{\"@type\":\"PropertyValueSpecification\",\"valueRequired\":true,\"valueName\":\"search_term_string\"}}],\"inLanguage\":\"en-US\"},{\"@type\":[\"Person\",\"Organization\"],\"@id\":\"https:\/\/psychologue-bouvard.fr\/#\/schema\/person\/2a564955808101acef67fd43bf689f72\",\"name\":\"psychologue-bouvard.fr\",\"image\":{\"@type\":\"ImageObject\",\"inLanguage\":\"en-US\",\"@id\":\"https:\/\/psychologue-bouvard.fr\/#\/schema\/person\/image\/\",\"url\":\"https:\/\/psychologue-bouvard.fr\/wp-content\/uploads\/2025\/02\/cropped-logoBouvard.png\",\"contentUrl\":\"https:\/\/psychologue-bouvard.fr\/wp-content\/uploads\/2025\/02\/cropped-logoBouvard.png\",\"width\":760,\"height\":760,\"caption\":\"psychologue-bouvard.fr\"},\"logo\":{\"@id\":\"https:\/\/psychologue-bouvard.fr\/#\/schema\/person\/image\/\"},\"sameAs\":[\"http:\/\/psychologue-bouvard.fr\"]}]}<\/script>\n<!-- \/ Yoast SEO plugin. -->","yoast_head_json":{"title":"Pr\u00e9sentation - psychologue-bouvard.fr","robots":{"index":"index","follow":"follow","max-snippet":"max-snippet:-1","max-image-preview":"max-image-preview:large","max-video-preview":"max-video-preview:-1"},"canonical":"https:\/\/psychologue-bouvard.fr\/?page_id=1356","og_locale":"en_US","og_type":"article","og_title":"Pr\u00e9sentation - psychologue-bouvard.fr","og_description":"Pr\u00e9sentation Gabrielle BOUVARD Votre psychologue \u00e0 Rennes Psychologue depuis 8 ans, je vous propose diff\u00e9rents types d&#8217;accompagnements (consultations de soutien psychologique, guidance parentale, psychoth\u00e9rapie individuelle, th\u00e9rapie EMDR, th\u00e9rapie familiale ou de couple). Une expertise aupr\u00e8s des enfants et des adolescents J&#8217;ai choisi de commencer ma pratique clinique en p\u00e9dopsychiatrie ayant une affinit\u00e9 particuli\u00e8re pour le [&hellip;]","og_url":"https:\/\/psychologue-bouvard.fr\/?page_id=1356","og_site_name":"psychologue-bouvard.fr","article_modified_time":"2026-04-21T14:44:16+00:00","og_image":[{"width":1124,"height":1075,"url":"https:\/\/psychologue-bouvard.fr\/wp-content\/uploads\/2025\/02\/photo_Bouvard_psychologue_mini.jpeg","type":"image\/jpeg"}],"twitter_card":"summary_large_image","twitter_misc":{"Est. reading time":"2 minutes"},"schema":{"@context":"https:\/\/schema.org","@graph":[{"@type":"WebPage","@id":"https:\/\/psychologue-bouvard.fr\/?page_id=1356","url":"https:\/\/psychologue-bouvard.fr\/?page_id=1356","name":"Pr\u00e9sentation - psychologue-bouvard.fr","isPartOf":{"@id":"https:\/\/psychologue-bouvard.fr\/#website"},"primaryImageOfPage":{"@id":"https:\/\/psychologue-bouvard.fr\/?page_id=1356#primaryimage"},"image":{"@id":"https:\/\/psychologue-bouvard.fr\/?page_id=1356#primaryimage"},"thumbnailUrl":"https:\/\/psychologue-bouvard.fr\/wp-content\/uploads\/2025\/02\/photo_Bouvard_psychologue_mini.jpeg","datePublished":"2021-02-02T08:21:45+00:00","dateModified":"2026-04-21T14:44:16+00:00","breadcrumb":{"@id":"https:\/\/psychologue-bouvard.fr\/?page_id=1356#breadcrumb"},"inLanguage":"en-US","potentialAction":[{"@type":"ReadAction","target":["https:\/\/psychologue-bouvard.fr\/?page_id=1356"]}]},{"@type":"ImageObject","inLanguage":"en-US","@id":"https:\/\/psychologue-bouvard.fr\/?page_id=1356#primaryimage","url":"https:\/\/psychologue-bouvard.fr\/wp-content\/uploads\/2025\/02\/photo_Bouvard_psychologue_mini.jpeg","contentUrl":"https:\/\/psychologue-bouvard.fr\/wp-content\/uploads\/2025\/02\/photo_Bouvard_psychologue_mini.jpeg","width":1124,"height":1075,"caption":"photo_Bouvard_psychologue"},{"@type":"BreadcrumbList","@id":"https:\/\/psychologue-bouvard.fr\/?page_id=1356#breadcrumb","itemListElement":[{"@type":"ListItem","position":1,"name":"Home","item":"https:\/\/psychologue-bouvard.fr\/"},{"@type":"ListItem","position":2,"name":"Pr\u00e9sentation"}]},{"@type":"WebSite","@id":"https:\/\/psychologue-bouvard.fr\/#website","url":"https:\/\/psychologue-bouvard.fr\/","name":"psychologue-bouvard.fr","description":"Psychologue Rennes Bouvard Gabrielle","publisher":{"@id":"https:\/\/psychologue-bouvard.fr\/#\/schema\/person\/2a564955808101acef67fd43bf689f72"},"alternateName":"Psychologue Gabrielle BOUVARD","potentialAction":[{"@type":"SearchAction","target":{"@type":"EntryPoint","urlTemplate":"https:\/\/psychologue-bouvard.fr\/?s={search_term_string}"},"query-input":{"@type":"PropertyValueSpecification","valueRequired":true,"valueName":"search_term_string"}}],"inLanguage":"en-US"},{"@type":["Person","Organization"],"@id":"https:\/\/psychologue-bouvard.fr\/#\/schema\/person\/2a564955808101acef67fd43bf689f72","name":"psychologue-bouvard.fr","image":{"@type":"ImageObject","inLanguage":"en-US","@id":"https:\/\/psychologue-bouvard.fr\/#\/schema\/person\/image\/","url":"https:\/\/psychologue-bouvard.fr\/wp-content\/uploads\/2025\/02\/cropped-logoBouvard.png","contentUrl":"https:\/\/psychologue-bouvard.fr\/wp-content\/uploads\/2025\/02\/cropped-logoBouvard.png","width":760,"height":760,"caption":"psychologue-bouvard.fr"},"logo":{"@id":"https:\/\/psychologue-bouvard.fr\/#\/schema\/person\/image\/"},"sameAs":["http:\/\/psychologue-bouvard.fr"]}]}},"_links":{"self":[{"href":"https:\/\/psychologue-bouvard.fr\/index.php?rest_route=\/wp\/v2\/pages\/1356","targetHints":{"allow":["GET"]}}],"collection":[{"href":"https:\/\/psychologue-bouvard.fr\/index.php?rest_route=\/wp\/v2\/pages"}],"about":[{"href":"https:\/\/psychologue-bouvard.fr\/index.php?rest_route=\/wp\/v2\/types\/page"}],"author":[{"embeddable":true,"href":"https:\/\/psychologue-bouvard.fr\/index.php?rest_route=\/wp\/v2\/users\/1"}],"replies":[{"embeddable":true,"href":"https:\/\/psychologue-bouvard.fr\/index.php?rest_route=%2Fwp%2Fv2%2Fcomments&post=1356"}],"version-history":[{"count":72,"href":"https:\/\/psychologue-bouvard.fr\/index.php?rest_route=\/wp\/v2\/pages\/1356\/revisions"}],"predecessor-version":[{"id":1900,"href":"https:\/\/psychologue-bouvard.fr\/index.php?rest_route=\/wp\/v2\/pages\/1356\/revisions\/1900"}],"wp:attachment":[{"href":"https:\/\/psychologue-bouvard.fr\/index.php?rest_route=%2Fwp%2Fv2%2Fmedia&parent=1356"}],"curies":[{"name":"wp","href":"https:\/\/api.w.org\/{rel}","templated":true}]}}